{"id":201,"date":"2025-04-10T19:32:33","date_gmt":"2025-04-10T22:32:33","guid":{"rendered":"https:\/\/grakar.com.br\/?page_id=201"},"modified":"2026-02-18T11:55:16","modified_gmt":"2026-02-18T14:55:16","slug":"regulamento","status":"publish","type":"page","link":"https:\/\/grakar.com.br\/index.php\/regulamento\/","title":{"rendered":"Regulamento"},"content":{"rendered":"\t\t<div data-elementor-type=\"wp-page\" data-elementor-id=\"201\" class=\"elementor elementor-201\" data-elementor-post-type=\"page\">\n\t\t\t\t<div class=\"elementor-element elementor-element-afa38dd e-flex e-con-boxed e-con e-parent\" data-id=\"afa38dd\" data-element_type=\"container\" data-e-type=\"container\">\n\t\t\t\t\t<div class=\"e-con-inner\">\n\t\t\t\t<div class=\"elementor-element elementor-element-db98ff9 elementor-widget elementor-widget-text-editor\" data-id=\"db98ff9\" data-element_type=\"widget\" data-e-type=\"widget\" data-widget_type=\"text-editor.default\">\n\t\t\t\t<div class=\"elementor-widget-container\">\n\t\t\t\t\t\t\t\t\t<h2 class=\"\" data-start=\"190\" data-end=\"228\"><strong>GRAKAR 2026<\/strong><\/h2>\n<ul data-start=\"230\" data-end=\"1289\">\n<li class=\"\" data-start=\"230\" data-end=\"297\">\n<p class=\"\" data-start=\"232\" data-end=\"297\">O campeonato ter\u00e1 at\u00e9&nbsp;<strong data-start=\"254\" data-end=\"267\">10 etapas<\/strong>, com in\u00edcio em&nbsp;<strong data-start=\"283\" data-end=\"296\">fevereiro<\/strong>.<\/p>\n<\/li>\n<li class=\"\" data-start=\"298\" data-end=\"357\">\n<p class=\"\" data-start=\"300\" data-end=\"357\">As baterias duram&nbsp;<strong data-start=\"318\" data-end=\"332\">25 minutos<\/strong>, com karts de&nbsp;<strong data-start=\"347\" data-end=\"356\">13 HP<\/strong>.<\/p>\n<\/li>\n<li class=\"\" data-start=\"393\" data-end=\"474\">\n<p class=\"\" data-start=\"395\" data-end=\"474\"><strong data-start=\"395\" data-end=\"415\">Valor por etapa:<\/strong> R$ 235,00 (parte n\u00e3o reembols\u00e1vel em caso de desist\u00eancia).<\/p>\n<\/li>\n<li class=\"\" data-start=\"475\" data-end=\"540\">\n<p class=\"\" data-start=\"477\" data-end=\"540\">Participa\u00e7\u00e3o aberta a todos os g\u00eaneros, com ou sem experi\u00eancia.<\/p>\n<\/li>\n<li class=\"\" data-start=\"541\" data-end=\"659\">\n<p class=\"\" data-start=\"543\" data-end=\"659\">O uso de&nbsp;<strong data-start=\"552\" data-end=\"577\">lastros \u00e9 obrigat\u00f3rio<\/strong>&nbsp;para quem pesar menos de 90 kg<\/p>\n<\/li>\n<li class=\"\" data-start=\"541\" data-end=\"659\">\n<p class=\"\" data-start=\"543\" data-end=\"659\">Mulheres ter\u00e3o o lastro em: <br><span style=\"font-style: inherit; font-weight: inherit;\">Categoria C &#8211; 80Kg<br>Categoria B &#8211; 85Kg<br>Categoria A &#8211; 90Kg<\/span><\/p><\/li>\n<li class=\"\" data-start=\"660\" data-end=\"774\">\n<p class=\"\" data-start=\"662\" data-end=\"774\">A&nbsp;<strong data-start=\"664\" data-end=\"689\">pesagem \u00e9 obrigat\u00f3ria<\/strong>&nbsp;antes da prova, e os primeiros colocados devem ser pesados novamente ap\u00f3s a bateria.<\/p>\n<\/li>\n<li class=\"\" data-start=\"775\" data-end=\"854\">\n<p class=\"\" data-start=\"777\" data-end=\"854\">O&nbsp;<strong data-start=\"779\" data-end=\"812\">sorteio de karts \u00e9 eletr\u00f4nico<\/strong>&nbsp;e pode seguir ordem inversa de pontua\u00e7\u00e3o.<\/p>\n<\/li>\n<li class=\"\" data-start=\"855\" data-end=\"950\">\n<p class=\"\" data-start=\"857\" data-end=\"950\">A&nbsp;<strong data-start=\"859\" data-end=\"894\">forma\u00e7\u00e3o das baterias e do grid<\/strong>&nbsp;considera o desempenho do piloto nas etapas anteriores.<\/p>\n<\/li>\n<li class=\"\" data-start=\"951\" data-end=\"1096\">\n<p class=\"\" data-start=\"953\" data-end=\"1096\">O campeonato conta com&nbsp;<strong data-start=\"976\" data-end=\"1002\">divis\u00e3o por categorias<\/strong>, pontua\u00e7\u00e3o diferenciada por bateria, e&nbsp;<strong data-start=\"1042\" data-end=\"1095\">descarte dos dois piores resultados at\u00e9 a etapa 7<\/strong>.<\/p>\n<\/li>\n<li class=\"\" data-start=\"1097\" data-end=\"1183\">\n<p class=\"\" data-start=\"1099\" data-end=\"1183\">Penaliza\u00e7\u00f5es s\u00e3o aplicadas pela&nbsp;<strong data-start=\"1131\" data-end=\"1151\">dire\u00e7\u00e3o de prova<\/strong>&nbsp;e n\u00e3o s\u00e3o pass\u00edveis de recurso.<\/p>\n<\/li>\n<li class=\"\" data-start=\"1184\" data-end=\"1289\">\n<p class=\"\" data-start=\"1186\" data-end=\"1289\">H\u00e1 tamb\u00e9m o&nbsp;<strong data-start=\"1198\" data-end=\"1227\">Campeonato Contra-Rel\u00f3gio<\/strong>, com pontua\u00e7\u00e3o pr\u00f3pria e foco no desenvolvimento dos pilotos.<\/p>\n<\/li>\n<\/ul>\t\t\t\t\t\t\t\t<\/div>\n\t\t\t\t<\/div>\n\t\t\t\t\t<\/div>\n\t\t\t\t<\/div>\n\t\t<div class=\"elementor-element elementor-element-242f1ea e-con-full e-flex e-con e-parent\" data-id=\"242f1ea\" data-element_type=\"container\" data-e-type=\"container\">\n\t\t\t\t<div class=\"elementor-element elementor-element-62c7ad9 elementor-widget elementor-widget-button\" data-id=\"62c7ad9\" data-element_type=\"widget\" data-e-type=\"widget\" data-widget_type=\"button.default\">\n\t\t\t\t<div class=\"elementor-widget-container\">\n\t\t\t\t\t\t\t\t\t<div class=\"elementor-button-wrapper\">\n\t\t\t\t\t<a class=\"elementor-button elementor-button-link elementor-size-sm\" href=\"https:\/\/grakar.com.br\/wp-content\/uploads\/2026\/02\/GRAKAR-Regulamento-KART-2026.pdf\">\n\t\t\t\t\t\t<span class=\"elementor-button-content-wrapper\">\n\t\t\t\t\t\t\t\t\t<span class=\"elementor-button-text\">Baixe o Regulamento<\/span>\n\t\t\t\t\t<\/span>\n\t\t\t\t\t<\/a>\n\t\t\t\t<\/div>\n\t\t\t\t\t\t\t\t<\/div>\n\t\t\t\t<\/div>\n\t\t\t\t<\/div>\n\t\t<div class=\"elementor-element elementor-element-4d5f561 e-flex e-con-boxed e-con e-parent\" data-id=\"4d5f561\" data-element_type=\"container\" data-e-type=\"container\">\n\t\t\t\t\t<div class=\"e-con-inner\">\n\t\t\t\t<div class=\"elementor-element elementor-element-cdb004b elementor-widget elementor-widget-heading\" data-id=\"cdb004b\" data-element_type=\"widget\" data-e-type=\"widget\" data-widget_type=\"heading.default\">\n\t\t\t\t<div class=\"elementor-widget-container\">\n\t\t\t\t\t<h2 class=\"elementor-heading-title elementor-size-default\">Parceiros<\/h2>\t\t\t\t<\/div>\n\t\t\t\t<\/div>\n\t\t\t\t\t<\/div>\n\t\t\t\t<\/div>\n\t\t<div class=\"elementor-element elementor-element-fef857f e-flex e-con-boxed e-con e-parent\" data-id=\"fef857f\" data-element_type=\"container\" data-e-type=\"container\">\n\t\t\t\t\t<div class=\"e-con-inner\">\n\t\t\t\t<div class=\"elementor-element elementor-element-dc1fc31 elementor-widget elementor-widget-image\" data-id=\"dc1fc31\" data-element_type=\"widget\" data-e-type=\"widget\" data-widget_type=\"image.default\">\n\t\t\t\t<div class=\"elementor-widget-container\">\n\t\t\t\t\t\t\t\t\t\t\t\t\t\t\t<img decoding=\"async\" src=\"https:\/\/grakar.com.br\/wp-content\/uploads\/elementor\/thumbs\/Sponsor-r4srd847ix8nd4b97okqdcsomdda9kzleqcefvle8q.jpg\" title=\"Sponsor\" alt=\"Sponsor\" loading=\"lazy\" \/>\t\t\t\t\t\t\t\t\t\t\t\t\t\t\t<\/div>\n\t\t\t\t<\/div>\n\t\t\t\t\t<\/div>\n\t\t\t\t<\/div>\n\t\t\t\t<\/div>\n\t\t","protected":false},"excerpt":{"rendered":"<p>GRAKAR 2026 O campeonato ter\u00e1 at\u00e9&nbsp;10 etapas, com in\u00edcio em&nbsp;fevereiro. As baterias duram&nbsp;25 minutos, com karts de&nbsp;13 HP. Valor por [&hellip;]<\/p>\n","protected":false},"author":1,"featured_media":0,"parent":0,"menu_order":0,"comment_status":"closed","ping_status":"closed","template":"","meta":{"site-sidebar-layout":"default","site-content-layout":"","ast-site-content-layout":"default","site-content-style":"default","site-sidebar-style":"default","ast-global-header-display":"","ast-banner-title-visibility":"","ast-main-header-display":"","ast-hfb-above-header-display":"","ast-hfb-below-header-display":"","ast-hfb-mobile-header-display":"","site-post-title":"","ast-breadcrumbs-content":"","ast-featured-img":"","footer-sml-layout":"","ast-disable-related-posts":"","theme-transparent-header-meta":"","adv-header-id-meta":"","stick-header-meta":"","header-above-stick-meta":"","header-main-stick-meta":"","header-below-stick-meta":"","astra-migrate-meta-layouts":"default","ast-page-background-enabled":"default","ast-page-background-meta":{"desktop":{"background-color":"var(--ast-global-color-5)","background-image":"","background-repeat":"repeat","background-position":"center center","background-size":"auto","background-attachment":"scroll","background-type":"","background-media":"","overlay-type":"","overlay-color":"","overlay-opacity":"","overlay-gradient":""},"tablet":{"background-color":"","background-image":"","background-repeat":"repeat","background-position":"center center","background-size":"auto","background-attachment":"scroll","background-type":"","background-media":"","overlay-type":"","overlay-color":"","overlay-opacity":"","overlay-gradient":""},"mobile":{"background-color":"","background-image":"","background-repeat":"repeat","background-position":"center center","background-size":"auto","background-attachment":"scroll","background-type":"","background-media":"","overlay-type":"","overlay-color":"","overlay-opacity":"","overlay-gradient":""}},"ast-content-background-meta":{"desktop":{"background-color":"var(--ast-global-color-4)","background-image":"","background-repeat":"repeat","background-position":"center center","background-size":"auto","background-attachment":"scroll","background-type":"","background-media":"","overlay-type":"","overlay-color":"","overlay-opacity":"","overlay-gradient":""},"tablet":{"background-color":"var(--ast-global-color-4)","background-image":"","background-repeat":"repeat","background-position":"center center","background-size":"auto","background-attachment":"scroll","background-type":"","background-media":"","overlay-type":"","overlay-color":"","overlay-opacity":"","overlay-gradient":""},"mobile":{"background-color":"var(--ast-global-color-4)","background-image":"","background-repeat":"repeat","background-position":"center center","background-size":"auto","background-attachment":"scroll","background-type":"","background-media":"","overlay-type":"","overlay-color":"","overlay-opacity":"","overlay-gradient":""}},"footnotes":""},"class_list":["post-201","page","type-page","status-publish","hentry"],"jetpack_sharing_enabled":true,"_links":{"self":[{"href":"https:\/\/grakar.com.br\/index.php\/wp-json\/wp\/v2\/pages\/201","targetHints":{"allow":["GET"]}}],"collection":[{"href":"https:\/\/grakar.com.br\/index.php\/wp-json\/wp\/v2\/pages"}],"about":[{"href":"https:\/\/grakar.com.br\/index.php\/wp-json\/wp\/v2\/types\/page"}],"author":[{"embeddable":true,"href":"https:\/\/grakar.com.br\/index.php\/wp-json\/wp\/v2\/users\/1"}],"replies":[{"embeddable":true,"href":"https:\/\/grakar.com.br\/index.php\/wp-json\/wp\/v2\/comments?post=201"}],"version-history":[{"count":84,"href":"https:\/\/grakar.com.br\/index.php\/wp-json\/wp\/v2\/pages\/201\/revisions"}],"predecessor-version":[{"id":5370,"href":"https:\/\/grakar.com.br\/index.php\/wp-json\/wp\/v2\/pages\/201\/revisions\/5370"}],"wp:attachment":[{"href":"https:\/\/grakar.com.br\/index.php\/wp-json\/wp\/v2\/media?parent=201"}],"curies":[{"name":"wp","href":"https:\/\/api.w.org\/{rel}","templated":true}]}}